{"id":409,"date":"2022-04-26T21:12:01","date_gmt":"2022-04-26T19:12:01","guid":{"rendered":"https:\/\/solanus.bydgostia.org.pl\/?page_id=409"},"modified":"2022-09-12T21:05:16","modified_gmt":"2022-09-12T19:05:16","slug":"rezerwacja-jachtu","status":"publish","type":"page","link":"https:\/\/solanus.bydgostia.org.pl\/index.php\/rezerwacja-jachtu\/","title":{"rendered":"Rezerwacja jachtu"},"content":{"rendered":"\n<figure class=\"wp-block-image size-large\"><a href=\"https:\/\/solanus.bydgostia.org.pl\/wp-content\/uploads\/2022\/09\/grafik-solanus-2022-v-10.09.2022.png\" target=\"_blank\" rel=\"noopener\"><img loading=\"lazy\" decoding=\"async\" width=\"1024\" height=\"508\" src=\"https:\/\/solanus.bydgostia.org.pl\/wp-content\/uploads\/2022\/09\/grafik-solanus-2022-v-10.09.2022-1024x508.png\" alt=\"\" class=\"wp-image-538\" srcset=\"https:\/\/solanus.bydgostia.org.pl\/wp-content\/uploads\/2022\/09\/grafik-solanus-2022-v-10.09.2022-1024x508.png 1024w, https:\/\/solanus.bydgostia.org.pl\/wp-content\/uploads\/2022\/09\/grafik-solanus-2022-v-10.09.2022-300x149.png 300w, https:\/\/solanus.bydgostia.org.pl\/wp-content\/uploads\/2022\/09\/grafik-solanus-2022-v-10.09.2022-768x381.png 768w, https:\/\/solanus.bydgostia.org.pl\/wp-content\/uploads\/2022\/09\/grafik-solanus-2022-v-10.09.2022-1536x762.png 1536w, https:\/\/solanus.bydgostia.org.pl\/wp-content\/uploads\/2022\/09\/grafik-solanus-2022-v-10.09.2022-2048x1016.png 2048w\" sizes=\"auto, (max-width: 1024px) 100vw, 1024px\" \/><\/a><\/figure>\n\n\n\n<p class=\"has-accent-color has-text-color\">Kolorem czerwonym oznaczono terminy zarezerwowane.<\/p>\n\n\n\n<p><strong>W celu uzyskania szczeg\u00f3\u0142owych informacji nt. aktualnych mo\u017cliwo\u015bci zarezerwowania jachtu prosimy dzwoni\u0107 pod nr: 571 382 238 lub pisa\u0107: mmcieply (at) gmail.com.<\/strong><\/p>\n\n\n\n<p><\/p>\n\n\n\n<figure class=\"wp-block-image size-large\"><a href=\"https:\/\/solanus.bydgostia.org.pl\/wp-content\/uploads\/2022\/08\/szermierka.jpg\"><img loading=\"lazy\" decoding=\"async\" width=\"1024\" height=\"768\" src=\"https:\/\/solanus.bydgostia.org.pl\/wp-content\/uploads\/2022\/08\/szermierka-1024x768.jpg\" alt=\"\" class=\"wp-image-442\" srcset=\"https:\/\/solanus.bydgostia.org.pl\/wp-content\/uploads\/2022\/08\/szermierka-1024x768.jpg 1024w, https:\/\/solanus.bydgostia.org.pl\/wp-content\/uploads\/2022\/08\/szermierka-300x225.jpg 300w, https:\/\/solanus.bydgostia.org.pl\/wp-content\/uploads\/2022\/08\/szermierka-768x576.jpg 768w, https:\/\/solanus.bydgostia.org.pl\/wp-content\/uploads\/2022\/08\/szermierka-1536x1152.jpg 1536w, https:\/\/solanus.bydgostia.org.pl\/wp-content\/uploads\/2022\/08\/szermierka.jpg 2016w\" sizes=\"auto, (max-width: 1024px) 100vw, 1024px\" \/><\/a><figcaption>W sezonie 2022 jeden z rejs\u00f3w zarezerwowali szermierze. (fot. Pawe\u0142 Szymczak)<\/figcaption><\/figure>\n","protected":false},"excerpt":{"rendered":"<p>Kolorem czerwonym oznaczono terminy zarezerwowane. W celu uzyskania szczeg\u00f3\u0142owych informacji nt. aktualnych mo\u017cliwo\u015bci zarezerwowania jachtu prosimy dzwoni\u0107 pod nr: 571 382 238 lub pisa\u0107: mmcieply (at) gmail.com.<\/p>\n","protected":false},"author":5,"featured_media":0,"parent":0,"menu_order":0,"comment_status":"closed","ping_status":"closed","template":"","meta":{"footnotes":""},"class_list":["post-409","page","type-page","status-publish","hentry"],"_links":{"self":[{"href":"https:\/\/solanus.bydgostia.org.pl\/index.php\/wp-json\/wp\/v2\/pages\/409","targetHints":{"allow":["GET"]}}],"collection":[{"href":"https:\/\/solanus.bydgostia.org.pl\/index.php\/wp-json\/wp\/v2\/pages"}],"about":[{"href":"https:\/\/solanus.bydgostia.org.pl\/index.php\/wp-json\/wp\/v2\/types\/page"}],"author":[{"embeddable":true,"href":"https:\/\/solanus.bydgostia.org.pl\/index.php\/wp-json\/wp\/v2\/users\/5"}],"replies":[{"embeddable":true,"href":"https:\/\/solanus.bydgostia.org.pl\/index.php\/wp-json\/wp\/v2\/comments?post=409"}],"version-history":[{"count":8,"href":"https:\/\/solanus.bydgostia.org.pl\/index.php\/wp-json\/wp\/v2\/pages\/409\/revisions"}],"predecessor-version":[{"id":539,"href":"https:\/\/solanus.bydgostia.org.pl\/index.php\/wp-json\/wp\/v2\/pages\/409\/revisions\/539"}],"wp:attachment":[{"href":"https:\/\/solanus.bydgostia.org.pl\/index.php\/wp-json\/wp\/v2\/media?parent=409"}],"curies":[{"name":"wp","href":"https:\/\/api.w.org\/{rel}","templated":true}]}}