{"id":27,"date":"2014-07-18T06:48:26","date_gmt":"2014-07-18T04:48:26","guid":{"rendered":"http:\/\/www.solanus.bydgostia.org.pl\/?page_id=27"},"modified":"2014-07-19T12:42:47","modified_gmt":"2014-07-19T10:42:47","slug":"ais","status":"publish","type":"page","link":"https:\/\/solanus.bydgostia.org.pl\/index.php\/lokalizacja\/ais\/","title":{"rendered":"AIS"},"content":{"rendered":"<p>Pozycj\u0119 jachtu Solanus mo\u017cna obserwowa\u0107 za pomoc\u0105 m.in systemu:<\/p>\n<p>&#8211; <a href=\"http:\/\/www.marinetraffic.com\/pl\/ais\/details\/ships\/261003540\" target=\"_blank\">AIS<\/a> &#8211; System Automatycznej Identyfikacji,  (<a href=\"http:\/\/pl.wikipedia.org\/wiki\/Automatic_Identification_System\" target=\"_blank\">ang. Automatic Identification System, AIS<\/a>) &#8211; automatycznie dzia\u0142aj\u0105cy system, pozycja pojawia si\u0119 na stronie <a href=\"http:\/\/www.marinetraffic.com\/pl\/ais\/details\/ships\/261003540\" target=\"_blank\">www<\/a>. Pozycja na <a href=\"http:\/\/www.marinetraffic.com\/pl\/ais\/details\/ships\/261003540\" target=\"_blank\">stronie www<\/a> pojawia si\u0119 w sytuacji kiedy jacht znajduje si\u0119 w pobli\u017cu jednostki lub portu posiadaj\u0105cego \u0142\u0105czno\u015b\u0107 satelitarn\u0105 z centrum systemu AIS.<\/p>\n","protected":false},"excerpt":{"rendered":"<p>Pozycj\u0119 jachtu Solanus mo\u017cna obserwowa\u0107 za pomoc\u0105 m.in systemu: &#8211; AIS &#8211; System Automatycznej Identyfikacji, (ang. Automatic Identification System, AIS) &#8211; automatycznie dzia\u0142aj\u0105cy system, pozycja pojawia si\u0119 na stronie www&#8230;.<\/p>\n","protected":false},"author":1,"featured_media":0,"parent":14,"menu_order":0,"comment_status":"closed","ping_status":"closed","template":"","meta":{"footnotes":""},"class_list":["post-27","page","type-page","status-publish","hentry"],"_links":{"self":[{"href":"https:\/\/solanus.bydgostia.org.pl\/index.php\/wp-json\/wp\/v2\/pages\/27","targetHints":{"allow":["GET"]}}],"collection":[{"href":"https:\/\/solanus.bydgostia.org.pl\/index.php\/wp-json\/wp\/v2\/pages"}],"about":[{"href":"https:\/\/solanus.bydgostia.org.pl\/index.php\/wp-json\/wp\/v2\/types\/page"}],"author":[{"embeddable":true,"href":"https:\/\/solanus.bydgostia.org.pl\/index.php\/wp-json\/wp\/v2\/users\/1"}],"replies":[{"embeddable":true,"href":"https:\/\/solanus.bydgostia.org.pl\/index.php\/wp-json\/wp\/v2\/comments?post=27"}],"version-history":[{"count":3,"href":"https:\/\/solanus.bydgostia.org.pl\/index.php\/wp-json\/wp\/v2\/pages\/27\/revisions"}],"predecessor-version":[{"id":99,"href":"https:\/\/solanus.bydgostia.org.pl\/index.php\/wp-json\/wp\/v2\/pages\/27\/revisions\/99"}],"up":[{"embeddable":true,"href":"https:\/\/solanus.bydgostia.org.pl\/index.php\/wp-json\/wp\/v2\/pages\/14"}],"wp:attachment":[{"href":"https:\/\/solanus.bydgostia.org.pl\/index.php\/wp-json\/wp\/v2\/media?parent=27"}],"curies":[{"name":"wp","href":"https:\/\/api.w.org\/{rel}","templated":true}]}}