{"id":25,"date":"2014-07-18T06:48:15","date_gmt":"2014-07-18T04:48:15","guid":{"rendered":"http:\/\/www.solanus.bydgostia.org.pl\/?page_id=25"},"modified":"2024-04-23T21:31:36","modified_gmt":"2024-04-23T19:31:36","slug":"spot","status":"publish","type":"page","link":"https:\/\/solanus.bydgostia.org.pl\/index.php\/lokalizacja\/spot\/","title":{"rendered":"SPOT"},"content":{"rendered":"<p>Pozycj\u0119 jachtu Solanus mo\u017cna obserwowa\u0107 m.in. za pomoc\u0105 systemu:<\/p>\n<p>&#8211; <a href=\"http:\/\/share.findmespot.com\/shared\/faces\/viewspots.jsp?glId=0auZ201fz254sVcJSv53CvZqXSXfdbsQP\" target=\"_blank\" rel=\"noopener\">SPOT<\/a> &#8211; r\u0119cznie uruchamiany system, po naci\u015bni\u0119ciu przycisku urz\u0105dzenia przez za\u0142og\u0119 pozycja pojawia si\u0119 na stronie <a href=\"http:\/\/share.findmespot.com\/shared\/faces\/viewspots.jsp?glId=0auZ201fz254sVcJSv53CvZqXSXfdbsQP\" target=\"_blank\" rel=\"noopener\">www<\/a>. Musz\u0105 zosta\u0107 spe\u0142nione dwa warunki &#8211; dobra pogoda, urz\u0105dzenie FinsMeSPOT musi by\u0107 w <a href=\"http:\/\/www.findmespot.com\/en\/index.php?cid=108\" target=\"_blank\" rel=\"noopener\">zasi\u0119gu satelit obs\u0142uguj\u0105cych system<\/a>.<\/p>\n\n<div class=\"wpsbc-container wpsbc-calendar-1\" data-id=\"1\" data-show_title=\"1\" data-show_legend=\"0\" data-legend_position=\"side\" data-show_button_navigation=\"1\" data-current_year=\"2026\" data-current_month=\"5\" data-language=\"pl\" data-min_width=\"200\" data-max_width=\"380\" ><h2>wolne miejsca<\/h2><div class=\"wpsbc-calendars-wrapper \"><div class=\"wpsbc-calendars\"><div class=\"wpsbc-calendar\"><div class=\"wpsbc-calendar-header wpsbc-heading\"><div class=\"wpsbc-calendar-header-navigation\"><a href=\"#\" class=\"wpsbc-prev\"><span class=\"wpsbc-arrow\"><\/span><\/a><div class=\"wpsbc-select-container\"><select><option value=\"1771113600\" >Luty 2026<\/option><option value=\"1773532800\" >Marzec 2026<\/option><option value=\"1776211200\" >Kwiecie\u0144 2026<\/option><option value=\"1778803200\"  selected='selected'>Maj 2026<\/option><option value=\"1781481600\" >Czerwiec 2026<\/option><option value=\"1784073600\" >Lipiec 2026<\/option><option value=\"1786752000\" >Sierpie\u0144 2026<\/option><option value=\"1789430400\" >Wrzesie\u0144 2026<\/option><option value=\"1792022400\" >Pa\u017adziernik 2026<\/option><option value=\"1794700800\" >Listopad 2026<\/option><option value=\"1797292800\" >Grudzie\u0144 2026<\/option><option value=\"1799971200\" >Stycze\u0144 2027<\/option><option value=\"1802649600\" >Luty 2027<\/option><option value=\"1805068800\" >Marzec 2027<\/option><option value=\"1807747200\" >Kwiecie\u0144 2027<\/option><option value=\"1810339200\" >Maj 2027<\/option><\/select><\/div><a href=\"#\" class=\"wpsbc-next\"><span class=\"wpsbc-arrow\"><\/span><\/a><\/div><\/div><div class=\"wpsbc-calendar-wrapper\"><table><thead><tr><th>P<\/th><th>W<\/th><th>S<\/th><th>C<\/th><th>P<\/th><th>S<\/th><th>N<\/th><\/tr><\/thead><tbody><tr><td><div class=\"wpsbc-date  wpsbc-gap\" ><div class=\"wpsbc-date-inner\"><\/div><\/div><\/td><td><div class=\"wpsbc-date  wpsbc-gap\" ><div class=\"wpsbc-date-inner\"><\/div><\/div><\/td><td><div class=\"wpsbc-date  wpsbc-gap\" ><div class=\"wpsbc-date-inner\"><\/div><\/div><\/td><td><div class=\"wpsbc-date  wpsbc-gap\" ><div class=\"wpsbc-date-inner\"><\/div><\/div><\/td><td><div class=\"wpsbc-date wpsbc-legend-item-1 \" data-year=\"2026\" data-month=\"5\" data-day=\"1\"><div class=\"wpsbc-legend-item-icon wpsbc-legend-item-icon-1\" data-type=\"single\"><div class=\"wpsbc-legend-item-icon-color\" ><\/div><div class=\"wpsbc-legend-item-icon-color\" ><\/div><\/div><div class=\"wpsbc-date-inner\"><span class=\"wpsbc-date-number\">1<\/span><\/div><\/div><\/td><td><div class=\"wpsbc-date wpsbc-legend-item-1 \" data-year=\"2026\" data-month=\"5\" data-day=\"2\"><div class=\"wpsbc-legend-item-icon wpsbc-legend-item-icon-1\" data-type=\"single\"><div class=\"wpsbc-legend-item-icon-color\" ><\/div><div class=\"wpsbc-legend-item-icon-color\" ><\/div><\/div><div class=\"wpsbc-date-inner\"><span class=\"wpsbc-date-number\">2<\/span><\/div><\/div><\/td><td><div class=\"wpsbc-date wpsbc-legend-item-1 \" data-year=\"2026\" data-month=\"5\" data-day=\"3\"><div class=\"wpsbc-legend-item-icon wpsbc-legend-item-icon-1\" data-type=\"single\"><div class=\"wpsbc-legend-item-icon-color\" ><\/div><div class=\"wpsbc-legend-item-icon-color\" ><\/div><\/div><div class=\"wpsbc-date-inner\"><span class=\"wpsbc-date-number\">3<\/span><\/div><\/div><\/td><\/tr><tr><td><div class=\"wpsbc-date wpsbc-legend-item-1 \" data-year=\"2026\" data-month=\"5\" data-day=\"4\"><div class=\"wpsbc-legend-item-icon wpsbc-legend-item-icon-1\" data-type=\"single\"><div class=\"wpsbc-legend-item-icon-color\" ><\/div><div class=\"wpsbc-legend-item-icon-color\" ><\/div><\/div><div class=\"wpsbc-date-inner\"><span class=\"wpsbc-date-number\">4<\/span><\/div><\/div><\/td><td><div class=\"wpsbc-date wpsbc-legend-item-1 \" data-year=\"2026\" data-month=\"5\" data-day=\"5\"><div class=\"wpsbc-legend-item-icon wpsbc-legend-item-icon-1\" data-type=\"single\"><div class=\"wpsbc-legend-item-icon-color\" ><\/div><div class=\"wpsbc-legend-item-icon-color\" ><\/div><\/div><div class=\"wpsbc-date-inner\"><span class=\"wpsbc-date-number\">5<\/span><\/div><\/div><\/td><td><div class=\"wpsbc-date wpsbc-legend-item-1 \" data-year=\"2026\" data-month=\"5\" data-day=\"6\"><div class=\"wpsbc-legend-item-icon wpsbc-legend-item-icon-1\" data-type=\"single\"><div class=\"wpsbc-legend-item-icon-color\" ><\/div><div class=\"wpsbc-legend-item-icon-color\" ><\/div><\/div><div class=\"wpsbc-date-inner\"><span class=\"wpsbc-date-number\">6<\/span><\/div><\/div><\/td><td><div class=\"wpsbc-date wpsbc-legend-item-1 \" data-year=\"2026\" data-month=\"5\" data-day=\"7\"><div class=\"wpsbc-legend-item-icon wpsbc-legend-item-icon-1\" data-type=\"single\"><div class=\"wpsbc-legend-item-icon-color\" ><\/div><div class=\"wpsbc-legend-item-icon-color\" ><\/div><\/div><div class=\"wpsbc-date-inner\"><span class=\"wpsbc-date-number\">7<\/span><\/div><\/div><\/td><td><div class=\"wpsbc-date wpsbc-legend-item-1 \" data-year=\"2026\" data-month=\"5\" data-day=\"8\"><div class=\"wpsbc-legend-item-icon wpsbc-legend-item-icon-1\" data-type=\"single\"><div class=\"wpsbc-legend-item-icon-color\" ><\/div><div class=\"wpsbc-legend-item-icon-color\" ><\/div><\/div><div class=\"wpsbc-date-inner\"><span class=\"wpsbc-date-number\">8<\/span><\/div><\/div><\/td><td><div class=\"wpsbc-date wpsbc-legend-item-1 \" data-year=\"2026\" data-month=\"5\" data-day=\"9\"><div class=\"wpsbc-legend-item-icon wpsbc-legend-item-icon-1\" data-type=\"single\"><div class=\"wpsbc-legend-item-icon-color\" ><\/div><div class=\"wpsbc-legend-item-icon-color\" ><\/div><\/div><div class=\"wpsbc-date-inner\"><span class=\"wpsbc-date-number\">9<\/span><\/div><\/div><\/td><td><div class=\"wpsbc-date wpsbc-legend-item-1 \" data-year=\"2026\" data-month=\"5\" data-day=\"10\"><div class=\"wpsbc-legend-item-icon wpsbc-legend-item-icon-1\" data-type=\"single\"><div class=\"wpsbc-legend-item-icon-color\" ><\/div><div class=\"wpsbc-legend-item-icon-color\" ><\/div><\/div><div class=\"wpsbc-date-inner\"><span class=\"wpsbc-date-number\">10<\/span><\/div><\/div><\/td><\/tr><tr><td><div class=\"wpsbc-date wpsbc-legend-item-1 \" data-year=\"2026\" data-month=\"5\" data-day=\"11\"><div class=\"wpsbc-legend-item-icon wpsbc-legend-item-icon-1\" data-type=\"single\"><div class=\"wpsbc-legend-item-icon-color\" ><\/div><div class=\"wpsbc-legend-item-icon-color\" ><\/div><\/div><div class=\"wpsbc-date-inner\"><span class=\"wpsbc-date-number\">11<\/span><\/div><\/div><\/td><td><div class=\"wpsbc-date wpsbc-legend-item-1 \" data-year=\"2026\" data-month=\"5\" data-day=\"12\"><div class=\"wpsbc-legend-item-icon wpsbc-legend-item-icon-1\" data-type=\"single\"><div class=\"wpsbc-legend-item-icon-color\" ><\/div><div class=\"wpsbc-legend-item-icon-color\" ><\/div><\/div><div class=\"wpsbc-date-inner\"><span class=\"wpsbc-date-number\">12<\/span><\/div><\/div><\/td><td><div class=\"wpsbc-date wpsbc-legend-item-1 \" data-year=\"2026\" data-month=\"5\" data-day=\"13\"><div class=\"wpsbc-legend-item-icon wpsbc-legend-item-icon-1\" data-type=\"single\"><div class=\"wpsbc-legend-item-icon-color\" ><\/div><div class=\"wpsbc-legend-item-icon-color\" ><\/div><\/div><div class=\"wpsbc-date-inner\"><span class=\"wpsbc-date-number\">13<\/span><\/div><\/div><\/td><td><div class=\"wpsbc-date wpsbc-legend-item-1 \" data-year=\"2026\" data-month=\"5\" data-day=\"14\"><div class=\"wpsbc-legend-item-icon wpsbc-legend-item-icon-1\" data-type=\"single\"><div class=\"wpsbc-legend-item-icon-color\" ><\/div><div class=\"wpsbc-legend-item-icon-color\" ><\/div><\/div><div class=\"wpsbc-date-inner\"><span class=\"wpsbc-date-number\">14<\/span><\/div><\/div><\/td><td><div class=\"wpsbc-date wpsbc-legend-item-1 \" data-year=\"2026\" data-month=\"5\" data-day=\"15\"><div class=\"wpsbc-legend-item-icon wpsbc-legend-item-icon-1\" data-type=\"single\"><div class=\"wpsbc-legend-item-icon-color\" ><\/div><div class=\"wpsbc-legend-item-icon-color\" ><\/div><\/div><div class=\"wpsbc-date-inner\"><span class=\"wpsbc-date-number\">15<\/span><\/div><\/div><\/td><td><div class=\"wpsbc-date wpsbc-legend-item-1 \" data-year=\"2026\" data-month=\"5\" data-day=\"16\"><div class=\"wpsbc-legend-item-icon wpsbc-legend-item-icon-1\" data-type=\"single\"><div class=\"wpsbc-legend-item-icon-color\" ><\/div><div class=\"wpsbc-legend-item-icon-color\" ><\/div><\/div><div class=\"wpsbc-date-inner\"><span class=\"wpsbc-date-number\">16<\/span><\/div><\/div><\/td><td><div class=\"wpsbc-date wpsbc-legend-item-1 \" data-year=\"2026\" data-month=\"5\" data-day=\"17\"><div class=\"wpsbc-legend-item-icon wpsbc-legend-item-icon-1\" data-type=\"single\"><div class=\"wpsbc-legend-item-icon-color\" ><\/div><div class=\"wpsbc-legend-item-icon-color\" ><\/div><\/div><div class=\"wpsbc-date-inner\"><span class=\"wpsbc-date-number\">17<\/span><\/div><\/div><\/td><\/tr><tr><td><div class=\"wpsbc-date wpsbc-legend-item-1 \" data-year=\"2026\" data-month=\"5\" data-day=\"18\"><div class=\"wpsbc-legend-item-icon wpsbc-legend-item-icon-1\" data-type=\"single\"><div class=\"wpsbc-legend-item-icon-color\" ><\/div><div class=\"wpsbc-legend-item-icon-color\" ><\/div><\/div><div class=\"wpsbc-date-inner\"><span class=\"wpsbc-date-number\">18<\/span><\/div><\/div><\/td><td><div class=\"wpsbc-date wpsbc-legend-item-1 \" data-year=\"2026\" data-month=\"5\" data-day=\"19\"><div class=\"wpsbc-legend-item-icon wpsbc-legend-item-icon-1\" data-type=\"single\"><div class=\"wpsbc-legend-item-icon-color\" ><\/div><div class=\"wpsbc-legend-item-icon-color\" ><\/div><\/div><div class=\"wpsbc-date-inner\"><span class=\"wpsbc-date-number\">19<\/span><\/div><\/div><\/td><td><div class=\"wpsbc-date wpsbc-legend-item-1 \" data-year=\"2026\" data-month=\"5\" data-day=\"20\"><div class=\"wpsbc-legend-item-icon wpsbc-legend-item-icon-1\" data-type=\"single\"><div class=\"wpsbc-legend-item-icon-color\" ><\/div><div class=\"wpsbc-legend-item-icon-color\" ><\/div><\/div><div class=\"wpsbc-date-inner\"><span class=\"wpsbc-date-number\">20<\/span><\/div><\/div><\/td><td><div class=\"wpsbc-date wpsbc-legend-item-1 \" data-year=\"2026\" data-month=\"5\" data-day=\"21\"><div class=\"wpsbc-legend-item-icon wpsbc-legend-item-icon-1\" data-type=\"single\"><div class=\"wpsbc-legend-item-icon-color\" ><\/div><div class=\"wpsbc-legend-item-icon-color\" ><\/div><\/div><div class=\"wpsbc-date-inner\"><span class=\"wpsbc-date-number\">21<\/span><\/div><\/div><\/td><td><div class=\"wpsbc-date wpsbc-legend-item-1 \" data-year=\"2026\" data-month=\"5\" data-day=\"22\"><div class=\"wpsbc-legend-item-icon wpsbc-legend-item-icon-1\" data-type=\"single\"><div class=\"wpsbc-legend-item-icon-color\" ><\/div><div class=\"wpsbc-legend-item-icon-color\" ><\/div><\/div><div class=\"wpsbc-date-inner\"><span class=\"wpsbc-date-number\">22<\/span><\/div><\/div><\/td><td><div class=\"wpsbc-date wpsbc-legend-item-1 \" data-year=\"2026\" data-month=\"5\" data-day=\"23\"><div class=\"wpsbc-legend-item-icon wpsbc-legend-item-icon-1\" data-type=\"single\"><div class=\"wpsbc-legend-item-icon-color\" ><\/div><div class=\"wpsbc-legend-item-icon-color\" ><\/div><\/div><div class=\"wpsbc-date-inner\"><span class=\"wpsbc-date-number\">23<\/span><\/div><\/div><\/td><td><div class=\"wpsbc-date wpsbc-legend-item-1 \" data-year=\"2026\" data-month=\"5\" data-day=\"24\"><div class=\"wpsbc-legend-item-icon wpsbc-legend-item-icon-1\" data-type=\"single\"><div class=\"wpsbc-legend-item-icon-color\" ><\/div><div class=\"wpsbc-legend-item-icon-color\" ><\/div><\/div><div class=\"wpsbc-date-inner\"><span class=\"wpsbc-date-number\">24<\/span><\/div><\/div><\/td><\/tr><tr><td><div class=\"wpsbc-date wpsbc-legend-item-1 \" data-year=\"2026\" data-month=\"5\" data-day=\"25\"><div class=\"wpsbc-legend-item-icon wpsbc-legend-item-icon-1\" data-type=\"single\"><div class=\"wpsbc-legend-item-icon-color\" ><\/div><div class=\"wpsbc-legend-item-icon-color\" ><\/div><\/div><div class=\"wpsbc-date-inner\"><span class=\"wpsbc-date-number\">25<\/span><\/div><\/div><\/td><td><div class=\"wpsbc-date wpsbc-legend-item-1 \" data-year=\"2026\" data-month=\"5\" data-day=\"26\"><div class=\"wpsbc-legend-item-icon wpsbc-legend-item-icon-1\" data-type=\"single\"><div class=\"wpsbc-legend-item-icon-color\" ><\/div><div class=\"wpsbc-legend-item-icon-color\" ><\/div><\/div><div class=\"wpsbc-date-inner\"><span class=\"wpsbc-date-number\">26<\/span><\/div><\/div><\/td><td><div class=\"wpsbc-date wpsbc-legend-item-1 \" data-year=\"2026\" data-month=\"5\" data-day=\"27\"><div class=\"wpsbc-legend-item-icon wpsbc-legend-item-icon-1\" data-type=\"single\"><div class=\"wpsbc-legend-item-icon-color\" ><\/div><div class=\"wpsbc-legend-item-icon-color\" ><\/div><\/div><div class=\"wpsbc-date-inner\"><span class=\"wpsbc-date-number\">27<\/span><\/div><\/div><\/td><td><div class=\"wpsbc-date wpsbc-legend-item-1 \" data-year=\"2026\" data-month=\"5\" data-day=\"28\"><div class=\"wpsbc-legend-item-icon wpsbc-legend-item-icon-1\" data-type=\"single\"><div class=\"wpsbc-legend-item-icon-color\" ><\/div><div class=\"wpsbc-legend-item-icon-color\" ><\/div><\/div><div class=\"wpsbc-date-inner\"><span class=\"wpsbc-date-number\">28<\/span><\/div><\/div><\/td><td><div class=\"wpsbc-date wpsbc-legend-item-1 \" data-year=\"2026\" data-month=\"5\" data-day=\"29\"><div class=\"wpsbc-legend-item-icon wpsbc-legend-item-icon-1\" data-type=\"single\"><div class=\"wpsbc-legend-item-icon-color\" ><\/div><div class=\"wpsbc-legend-item-icon-color\" ><\/div><\/div><div class=\"wpsbc-date-inner\"><span class=\"wpsbc-date-number\">29<\/span><\/div><\/div><\/td><td><div class=\"wpsbc-date wpsbc-legend-item-1 \" data-year=\"2026\" data-month=\"5\" data-day=\"30\"><div class=\"wpsbc-legend-item-icon wpsbc-legend-item-icon-1\" data-type=\"single\"><div class=\"wpsbc-legend-item-icon-color\" ><\/div><div class=\"wpsbc-legend-item-icon-color\" ><\/div><\/div><div class=\"wpsbc-date-inner\"><span class=\"wpsbc-date-number\">30<\/span><\/div><\/div><\/td><td><div class=\"wpsbc-date wpsbc-legend-item-1 \" data-year=\"2026\" data-month=\"5\" data-day=\"31\"><div class=\"wpsbc-legend-item-icon wpsbc-legend-item-icon-1\" data-type=\"single\"><div class=\"wpsbc-legend-item-icon-color\" ><\/div><div class=\"wpsbc-legend-item-icon-color\" ><\/div><\/div><div class=\"wpsbc-date-inner\"><span class=\"wpsbc-date-number\">31<\/span><\/div><\/div><\/td><\/tr><\/tbody><\/table><\/div><\/div><\/div><\/div><style>.wpsbc-container.wpsbc-calendar-1 .wpsbc-legend-item-icon-1 div:first-of-type { background-color: #ddffcc; }.wpsbc-container.wpsbc-calendar-1 .wpsbc-legend-item-icon-1 div:nth-of-type(2) { background-color: transparent; }.wpsbc-container.wpsbc-calendar-1 .wpsbc-legend-item-icon-1 div:first-of-type svg { fill: #ddffcc; }.wpsbc-container.wpsbc-calendar-1 .wpsbc-legend-item-icon-1 div:nth-of-type(2) svg { fill: transparent; }.wpsbc-container.wpsbc-calendar-1 .wpsbc-legend-item-icon-2 div:first-of-type { background-color: #ffc0bd; }.wpsbc-container.wpsbc-calendar-1 .wpsbc-legend-item-icon-2 div:nth-of-type(2) { background-color: transparent; }.wpsbc-container.wpsbc-calendar-1 .wpsbc-legend-item-icon-2 div:first-of-type svg { fill: #ffc0bd; }.wpsbc-container.wpsbc-calendar-1 .wpsbc-legend-item-icon-2 div:nth-of-type(2) svg { fill: transparent; }.wpsbc-container.wpsbc-calendar-1 .wpsbc-legend-item-icon-3 div:first-of-type { background-color: #fee2a0; }.wpsbc-container.wpsbc-calendar-1 .wpsbc-legend-item-icon-3 div:nth-of-type(2) { background-color: transparent; }.wpsbc-container.wpsbc-calendar-1 .wpsbc-legend-item-icon-3 div:first-of-type svg { fill: #fee2a0; }.wpsbc-container.wpsbc-calendar-1 .wpsbc-legend-item-icon-3 div:nth-of-type(2) svg { fill: transparent; }<\/style><div class=\"wpsbc-container-loaded\" data-just-loaded=\"1\"><\/div><\/div>","protected":false},"excerpt":{"rendered":"<p>Pozycj\u0119 jachtu Solanus mo\u017cna obserwowa\u0107 m.in. za pomoc\u0105 systemu: &#8211; SPOT &#8211; r\u0119cznie uruchamiany system, po naci\u015bni\u0119ciu przycisku urz\u0105dzenia przez za\u0142og\u0119 pozycja pojawia si\u0119 na stronie www. Musz\u0105 zosta\u0107 spe\u0142nione&#8230;<\/p>\n","protected":false},"author":1,"featured_media":0,"parent":14,"menu_order":0,"comment_status":"closed","ping_status":"closed","template":"","meta":{"footnotes":""},"class_list":["post-25","page","type-page","status-publish","hentry"],"_links":{"self":[{"href":"https:\/\/solanus.bydgostia.org.pl\/index.php\/wp-json\/wp\/v2\/pages\/25","targetHints":{"allow":["GET"]}}],"collection":[{"href":"https:\/\/solanus.bydgostia.org.pl\/index.php\/wp-json\/wp\/v2\/pages"}],"about":[{"href":"https:\/\/solanus.bydgostia.org.pl\/index.php\/wp-json\/wp\/v2\/types\/page"}],"author":[{"embeddable":true,"href":"https:\/\/solanus.bydgostia.org.pl\/index.php\/wp-json\/wp\/v2\/users\/1"}],"replies":[{"embeddable":true,"href":"https:\/\/solanus.bydgostia.org.pl\/index.php\/wp-json\/wp\/v2\/comments?post=25"}],"version-history":[{"count":4,"href":"https:\/\/solanus.bydgostia.org.pl\/index.php\/wp-json\/wp\/v2\/pages\/25\/revisions"}],"predecessor-version":[{"id":555,"href":"https:\/\/solanus.bydgostia.org.pl\/index.php\/wp-json\/wp\/v2\/pages\/25\/revisions\/555"}],"up":[{"embeddable":true,"href":"https:\/\/solanus.bydgostia.org.pl\/index.php\/wp-json\/wp\/v2\/pages\/14"}],"wp:attachment":[{"href":"https:\/\/solanus.bydgostia.org.pl\/index.php\/wp-json\/wp\/v2\/media?parent=25"}],"curies":[{"name":"wp","href":"https:\/\/api.w.org\/{rel}","templated":true}]}}