{"id":20,"date":"2014-07-18T06:44:19","date_gmt":"2014-07-18T04:44:19","guid":{"rendered":"http:\/\/www.solanus.bydgostia.org.pl\/?page_id=20"},"modified":"2022-04-26T21:26:06","modified_gmt":"2022-04-26T19:26:06","slug":"dane-techniczne","status":"publish","type":"page","link":"https:\/\/solanus.bydgostia.org.pl\/index.php\/dane-techniczne\/","title":{"rendered":"Jacht i wyposa\u017cenie"},"content":{"rendered":"\n<p><\/p>\n\n\n<h4><strong>Podstawowe dane:<\/strong><\/h4>\n\n\n<table style=\"width:100%\">\n  <tbody><tr>\n    <td style=\"width:250px\"><strong>Rok budowy:<\/strong><\/td>\n    <td style=\"width:400px\">1992<\/td>\n  <\/tr>\n  <tr>\n    <td style=\"vertical-align:top\"><strong>Armator:<\/strong><\/td>\n    <td>Sekcja \u017beglarska Regionalnego Towarzystwa Wio\u015blarskiego Bydgostia<\/td>\n  <\/tr>\n  <tr>\n    <td><strong>Port macierzysty:<\/strong><\/td>\n    <td>Bydgoszcz<\/td>\n  <\/tr>\n    <tr>\n    <td><strong>Nr rejestru PYA:<\/strong><\/td>\n    <td>POL 2600<\/td>\n  <\/tr>\n  <tr>\n    <td><strong>Typ jachtu:<\/strong><\/td>\n    <td>J-80<\/td>\n  <\/tr>\n    <tr>\n    <td><strong>Klasa jachtu:<\/strong><\/td>\n    <td>*yK<\/td>\n  <\/tr>\n  <tr>\n    <td><strong>Materia\u0142:<\/strong><\/td>\n    <td>stal<\/td>\n  <\/tr>\n  <tr>\n    <td><strong>D\u0142ugo\u015b\u0107:<\/strong><\/td>\n    <td>14,3 m<\/td>\n  <\/tr>  \n  <tr>\n    <td><strong>Szeroko\u015b\u0107:<\/strong><\/td>\n    <td>3,56 m<\/td>\n  <\/tr>  \n  <tr>\n    <td><strong>Zanurzenie:<\/strong><\/td>\n    <td>1,95 m<\/td>\n  <\/tr>  \n  <tr>\n    <td><strong>Pojemno\u015b\u0107 brutto GT:<\/strong><\/td>\n    <td>15,32<\/td>\n  <\/tr>  \n  <tr>\n    <td><strong>Typ o\u017caglowania:<\/strong><\/td>\n    <td>Jol<\/td>\n  <\/tr>  \n  <tr>\n    <td><strong>O\u017caglowanie:<\/strong><\/td>\n    <td>genua na rolerze, grot, bezan<\/td>\n  <\/tr>  \n  <tr>\n    <td><strong>Powierzchnia \u017cagli:<\/strong><\/td>\n    <td>76 m2<\/td>\n  <\/tr>\n  <tr>\n    <td><strong>Koje:<\/strong><\/td>\n    <td>9<\/td>\n  <\/tr>\n  <tr>\n    <td><strong>Silnik:<\/strong><\/td>\n    <td>Beta Marine B-75HE<\/td>\n  <\/tr>\n  <tr>\n    <td><strong>Zbiorniki na paliwo:<\/strong><\/td>\n    <td>500 l<\/td>\n  <\/tr>\n  <tr>\n    <td><strong>Zbiorniki na wod\u0119:<\/strong><\/td>\n    <td>600 l<\/td>\n  <\/tr>\n<\/tbody><\/table>\n\n\n\n<div class=\"wp-block-columns is-layout-flex wp-container-core-columns-is-layout-9d6595d7 wp-block-columns-is-layout-flex\">\n<div class=\"wp-block-column is-layout-flow wp-block-column-is-layout-flow\" style=\"flex-basis:100%\">\n<h4 class=\"wp-block-heading\"><strong><strong>Wyposa\u017cenie:<\/strong><\/strong><\/h4>\n\n\n\n<table style=\"width:100%\">\n  <tr>\n    <td style=\"width:250px\"><strong>Radar:<\/strong><\/td>\n    <td style=\"width:400px\">Raymarine R70RC Plus<\/td>\n  <\/tr>\n  <tr>\n    <td style=\"vertical-align:top\"><strong>Antena:<\/strong><\/td>\n    <td>Raymarine 2D 18 in. 2kW<\/td>\n  <\/tr>\n  <tr>\n    <td><strong>GPS:<\/strong><\/td>\n    <td>Garmin GPS 128<\/td>\n  <\/tr>\n    <tr>\n    <td><strong>Navtex:<\/strong><\/td>\n    <td>Target Pro-Plu<\/td>\n  <\/tr>\n  <tr>\n    <td><strong>Radio:<\/strong><\/td>\n    <td>UKF Sailor VHF RT 2048<\/td>\n  <\/tr>\n    <tr>\n    <td><strong>Radiop\u0142awa:<\/strong><\/td>\n    <td>EPIRB McMurdo 406 MHz<\/td>\n  <\/tr>\n  <tr>\n    <td><strong>Chartplotter:<\/strong><\/td>\n    <td>SIMRAD NSS7<\/td>\n  <\/tr>\n  <tr>\n    <td><strong>Lokalizator satelitarny GPS:<\/strong><\/td>\n    <td>SPOT<\/td>\n  <\/tr>\n  <tr>\n    <td><strong>Przetwornik echosondy:<\/strong><\/td>\n    <td>AIRMAR SS60<\/td>\n  <\/tr>  \n  <tr>\n    <td><strong>Transponder AIS klasy B:<\/strong><\/td>\n    <td>Comar Systems CSB-200<\/td>\n  <\/tr>  \n<\/table>\n<\/div>\n<\/div>\n\n\n\n<p>Modu\u0142 SIMRAD Wifi GoFree oraz transponder AIS zosta\u0142y zakupione w firmie&nbsp;<a rel=\"noreferrer noopener\" href=\"http:\/\/www.escort.com.pl\/\" target=\"_blank\">Escort<\/a>, kt\u00f3rej specjali\u015bci udzielili wsparcia na etapie projektowania systemu.<\/p>\n\n\n\n<hr class=\"wp-block-separator\"\/>\n","protected":false},"excerpt":{"rendered":"<p>Podstawowe dane: Rok budowy: 1992 Armator: Sekcja \u017beglarska Regionalnego Towarzystwa Wio\u015blarskiego Bydgostia Port macierzysty: Bydgoszcz Nr rejestru PYA: POL 2600 Typ jachtu: J-80 Klasa jachtu: *yK Materia\u0142: stal D\u0142ugo\u015b\u0107: 14,3&#8230;<\/p>\n","protected":false},"author":1,"featured_media":0,"parent":0,"menu_order":0,"comment_status":"closed","ping_status":"closed","template":"","meta":{"footnotes":""},"class_list":["post-20","page","type-page","status-publish","hentry"],"_links":{"self":[{"href":"https:\/\/solanus.bydgostia.org.pl\/index.php\/wp-json\/wp\/v2\/pages\/20","targetHints":{"allow":["GET"]}}],"collection":[{"href":"https:\/\/solanus.bydgostia.org.pl\/index.php\/wp-json\/wp\/v2\/pages"}],"about":[{"href":"https:\/\/solanus.bydgostia.org.pl\/index.php\/wp-json\/wp\/v2\/types\/page"}],"author":[{"embeddable":true,"href":"https:\/\/solanus.bydgostia.org.pl\/index.php\/wp-json\/wp\/v2\/users\/1"}],"replies":[{"embeddable":true,"href":"https:\/\/solanus.bydgostia.org.pl\/index.php\/wp-json\/wp\/v2\/comments?post=20"}],"version-history":[{"count":31,"href":"https:\/\/solanus.bydgostia.org.pl\/index.php\/wp-json\/wp\/v2\/pages\/20\/revisions"}],"predecessor-version":[{"id":416,"href":"https:\/\/solanus.bydgostia.org.pl\/index.php\/wp-json\/wp\/v2\/pages\/20\/revisions\/416"}],"wp:attachment":[{"href":"https:\/\/solanus.bydgostia.org.pl\/index.php\/wp-json\/wp\/v2\/media?parent=20"}],"curies":[{"name":"wp","href":"https:\/\/api.w.org\/{rel}","templated":true}]}}