{"id":16,"date":"2014-07-18T06:43:53","date_gmt":"2014-07-18T04:43:53","guid":{"rendered":"http:\/\/www.solanus.bydgostia.org.pl\/?page_id=16"},"modified":"2022-04-26T21:17:34","modified_gmt":"2022-04-26T19:17:34","slug":"rejsy","status":"publish","type":"page","link":"https:\/\/solanus.bydgostia.org.pl\/index.php\/rejsy\/","title":{"rendered":"Wa\u017cniejsze wyprawy"},"content":{"rendered":"<div id=\"pageDescription\" class=\"content\">\n<div class=\"m5\">\n<div class=\"text\">Mark Twain powiedzia\u0142 kiedy\u015b <em><strong>&#8222;Za dwadzie\u015bcia lat bardziej b\u0119dziesz \u017ca\u0142owa\u0142 tego, czego nie zrobi\u0142e\u015b, ni\u017c tego, co zrobi\u0142e\u015b. Wi\u0119c odwi\u0105\u017c liny, opu\u015b\u0107 bezpieczn\u0105 przysta\u0144. Z\u0142ap w \u017cagle pomy\u015blne wiatry. Podr\u00f3\u017cuj. \u015anij. Odkrywaj.&#8221;<\/strong><\/em><\/div>\n<div class=\"text\">Wystarczy si\u0119gn\u0105\u0107 pami\u0119ci\u0105 w nie tak dawn\u0105 przesz\u0142o\u015b\u0107, aby przekona\u0107 si\u0119, \u017ce budowniczowie i \u017cegluj\u0105cy niegdy\u015b na s\/y Euros a obecnie s\/y Solanus to ludzie darz\u0105cy morze szacunkiem i \u017cyj\u0105cy wed\u0142ug wspomnianej Twain&#8217;owskiej zasady. Mi\u0119dzy innymi dlatego rejsy z nimi to nie tylko przygoda, ale tak\u017ce dobra szko\u0142a \u017ceglarstwa.<\/div>\n<div class=\"text\">\n<p><strong>Relacje z rejs\u00f3w:<\/strong><\/p>\n<\/div>\n<\/div>\n<\/div>\n<ul id=\"subList1\" class=\"subpagesList\">\n<li class=\"l1\">\n<h4><a href=\"https:\/\/solanus.bydgostia.org.pl\/MorskimSzlakiemPolonii2010-2011\/?pl_1997-rejs-na-islandie,27\">1997 &#8211; Rejs na Islandi\u0119<\/a><\/h4>\n<\/li>\n<li class=\"l2\">\n<h4><a href=\"https:\/\/solanus.bydgostia.org.pl\/MorskimSzlakiemPolonii2010-2011\/?pl_2001-solanusem-wokol-svalbardu,28\">2001 &#8211; Solanusem wok\u00f3\u0142 Svalbardu<\/a><\/h4>\n<\/li>\n<li class=\"l3\">\n<h4><a href=\"https:\/\/solanus.bydgostia.org.pl\/MorskimSzlakiemPolonii2010-2011\/?pl_2003-rejs-na-grenlandie,29\">2003 &#8211; Rejs na Grenlandi\u0119<\/a><\/h4>\n<\/li>\n<li class=\"l4\">\n<h4><a href=\"https:\/\/solanus.bydgostia.org.pl\/MorskimSzlakiemPolonii2010-2011\/?pl_2004-rejs-do-londynu,30\">2004 &#8211; Rejs do Londynu<\/a><\/h4>\n<\/li>\n<li class=\"lL\">\n<h4><a href=\"https:\/\/solanus.bydgostia.org.pl\/MorskimSzlakiemPolonii2010-2011\/?pl_2005-rejs-do-oslo,31\">2005 &#8211; Rejs do Oslo<\/a><\/h4>\n<\/li>\n<\/ul>\n","protected":false},"excerpt":{"rendered":"<p>Mark Twain powiedzia\u0142 kiedy\u015b &#8222;Za dwadzie\u015bcia lat bardziej b\u0119dziesz \u017ca\u0142owa\u0142 tego, czego nie zrobi\u0142e\u015b, ni\u017c tego, co zrobi\u0142e\u015b. Wi\u0119c odwi\u0105\u017c liny, opu\u015b\u0107 bezpieczn\u0105 przysta\u0144. Z\u0142ap w \u017cagle pomy\u015blne wiatry. Podr\u00f3\u017cuj&#8230;.<\/p>\n","protected":false},"author":1,"featured_media":0,"parent":0,"menu_order":0,"comment_status":"closed","ping_status":"closed","template":"","meta":{"footnotes":""},"class_list":["post-16","page","type-page","status-publish","hentry"],"_links":{"self":[{"href":"https:\/\/solanus.bydgostia.org.pl\/index.php\/wp-json\/wp\/v2\/pages\/16","targetHints":{"allow":["GET"]}}],"collection":[{"href":"https:\/\/solanus.bydgostia.org.pl\/index.php\/wp-json\/wp\/v2\/pages"}],"about":[{"href":"https:\/\/solanus.bydgostia.org.pl\/index.php\/wp-json\/wp\/v2\/types\/page"}],"author":[{"embeddable":true,"href":"https:\/\/solanus.bydgostia.org.pl\/index.php\/wp-json\/wp\/v2\/users\/1"}],"replies":[{"embeddable":true,"href":"https:\/\/solanus.bydgostia.org.pl\/index.php\/wp-json\/wp\/v2\/comments?post=16"}],"version-history":[{"count":7,"href":"https:\/\/solanus.bydgostia.org.pl\/index.php\/wp-json\/wp\/v2\/pages\/16\/revisions"}],"predecessor-version":[{"id":413,"href":"https:\/\/solanus.bydgostia.org.pl\/index.php\/wp-json\/wp\/v2\/pages\/16\/revisions\/413"}],"wp:attachment":[{"href":"https:\/\/solanus.bydgostia.org.pl\/index.php\/wp-json\/wp\/v2\/media?parent=16"}],"curies":[{"name":"wp","href":"https:\/\/api.w.org\/{rel}","templated":true}]}}