{"id":14,"date":"2014-07-18T06:43:39","date_gmt":"2014-07-18T04:43:39","guid":{"rendered":"http:\/\/www.solanus.bydgostia.org.pl\/?page_id=14"},"modified":"2014-07-19T12:38:30","modified_gmt":"2014-07-19T10:38:30","slug":"lokalizacja","status":"publish","type":"page","link":"https:\/\/solanus.bydgostia.org.pl\/index.php\/lokalizacja\/","title":{"rendered":"Lokalizacja"},"content":{"rendered":"<p>Pozycj\u0119 jachtu Solanus mo\u017cna obserwowa\u0107 za pomoc\u0105 dw\u00f3ch system\u00f3w:<\/p>\n<p>&#8211; <a href=\"http:\/\/share.findmespot.com\/shared\/faces\/viewspots.jsp?glId=0auZ201fz254sVcJSv53CvZqXSXfdbsQP\" target=\"_blank\">SPOT<\/a> &#8211; r\u0119cznie uruchamiany system, po naci\u015bni\u0119ciu przycisku urz\u0105dzenia przez za\u0142og\u0119 pozycja pojawia si\u0119 na stronie <a href=\"http:\/\/share.findmespot.com\/shared\/faces\/viewspots.jsp?glId=0auZ201fz254sVcJSv53CvZqXSXfdbsQP\" target=\"_blank\">www<\/a>. Musz\u0105 zosta\u0107 spe\u0142nione dwa warunki &#8211; dobra pogoda, urz\u0105dzenie FinsMeSPOT musi by\u0107 w <a href=\"http:\/\/www.findmespot.com\/en\/index.php?cid=108\" target=\"_blank\">zasi\u0119gu satelit obs\u0142uguj\u0105cych system<\/a>.<\/p>\n<p>&#8211; <a href=\"http:\/\/www.marinetraffic.com\/pl\/ais\/details\/ships\/261003540\" target=\"_blank\">AIS<\/a> &#8211; System Automatycznej Identyfikacji,  (<a href=\"http:\/\/pl.wikipedia.org\/wiki\/Automatic_Identification_System\" target=\"_blank\">ang. Automatic Identification System, AIS<\/a>) &#8211; automatycznie dzia\u0142aj\u0105cy system, pozycja pojawia si\u0119 na stronie <a href=\"http:\/\/www.marinetraffic.com\/pl\/ais\/details\/ships\/261003540\" target=\"_blank\">www<\/a>. Pozycja na <a href=\"http:\/\/www.marinetraffic.com\/pl\/ais\/details\/ships\/261003540\" target=\"_blank\">stronie www<\/a> pojawia si\u0119 w sytuacji kiedy jacht znajduje si\u0119 w pobli\u017cu jednostki lub portu posiadaj\u0105cego \u0142\u0105czno\u015b\u0107 satelitarn\u0105 z centrum systemu AIS.<\/p>\n","protected":false},"excerpt":{"rendered":"<p>Pozycj\u0119 jachtu Solanus mo\u017cna obserwowa\u0107 za pomoc\u0105 dw\u00f3ch system\u00f3w: &#8211; SPOT &#8211; r\u0119cznie uruchamiany system, po naci\u015bni\u0119ciu przycisku urz\u0105dzenia przez za\u0142og\u0119 pozycja pojawia si\u0119 na stronie www. Musz\u0105 zosta\u0107 spe\u0142nione&#8230;<\/p>\n","protected":false},"author":1,"featured_media":0,"parent":0,"menu_order":0,"comment_status":"closed","ping_status":"closed","template":"","meta":{"footnotes":""},"class_list":["post-14","page","type-page","status-publish","hentry"],"_links":{"self":[{"href":"https:\/\/solanus.bydgostia.org.pl\/index.php\/wp-json\/wp\/v2\/pages\/14","targetHints":{"allow":["GET"]}}],"collection":[{"href":"https:\/\/solanus.bydgostia.org.pl\/index.php\/wp-json\/wp\/v2\/pages"}],"about":[{"href":"https:\/\/solanus.bydgostia.org.pl\/index.php\/wp-json\/wp\/v2\/types\/page"}],"author":[{"embeddable":true,"href":"https:\/\/solanus.bydgostia.org.pl\/index.php\/wp-json\/wp\/v2\/users\/1"}],"replies":[{"embeddable":true,"href":"https:\/\/solanus.bydgostia.org.pl\/index.php\/wp-json\/wp\/v2\/comments?post=14"}],"version-history":[{"count":3,"href":"https:\/\/solanus.bydgostia.org.pl\/index.php\/wp-json\/wp\/v2\/pages\/14\/revisions"}],"predecessor-version":[{"id":97,"href":"https:\/\/solanus.bydgostia.org.pl\/index.php\/wp-json\/wp\/v2\/pages\/14\/revisions\/97"}],"wp:attachment":[{"href":"https:\/\/solanus.bydgostia.org.pl\/index.php\/wp-json\/wp\/v2\/media?parent=14"}],"curies":[{"name":"wp","href":"https:\/\/api.w.org\/{rel}","templated":true}]}}